{"id":10172,"date":"2016-05-02T20:42:43","date_gmt":"2016-05-02T18:42:43","guid":{"rendered":"http:\/\/naunaudneautouscousins.fr\/?page_id=10172"},"modified":"2026-04-08T09:39:57","modified_gmt":"2026-04-08T07:39:57","slug":"nauxx-retrouvailles","status":"publish","type":"page","link":"https:\/\/naunaudneautouscousins.fr\/?page_id=10172","title":{"rendered":"NAUxx Retrouvailles"},"content":{"rendered":"<p><a href=\"http:\/\/naunaudneautouscousins.fr\/wp-content\/uploads\/2015\/09\/nau_blason.jpg\"><img loading=\"lazy\" decoding=\"async\" class=\"alignleft wp-image-50\" style=\"margin-left: -125px; margin-top: -125px;\" src=\"http:\/\/naunaudneautouscousins.fr\/wp-content\/uploads\/2015\/09\/nau_blason.jpg\" alt=\"nau_blason\" width=\"75\" height=\"134\" \/><\/a><\/p>\n<p>Depuis la cr\u00e9ation de l&rsquo;association en 1999, un moment incontournable pour nous : NAUxx Retrouvailles dans diff\u00e9rentes r\u00e9gions du grand ouest nous permettent de renforcer nos liens associant festivit\u00e9s et culture, autour de repas du terroir. A cette occasion nous organisons l&rsquo;assembl\u00e9e g\u00e9n\u00e9rale et nous rencontrons de nouveaux cousins.<\/p>\n<p><a href=\"http:\/\/naunaudneautouscousins.fr\/wp-content\/uploads\/2026\/04\/Invitation-Retrouvailles-2026-site.pdf\">T\u00e9l\u00e9charger le formulaire d&rsquo;inscription aux retrouvailles 2026 et \u00e0 l&rsquo;AG.<\/a><\/p>\n\n\n<p><\/p>\n","protected":false},"excerpt":{"rendered":"<p>Depuis la cr\u00e9ation de l&rsquo;association en 1999, un moment incontournable pour nous : NAUxx Retrouvailles dans diff\u00e9rentes r\u00e9gions du grand ouest nous permettent de renforcer nos liens associant festivit\u00e9s et culture, autour de repas du terroir. A cette occasion nous organisons l&rsquo;assembl\u00e9e g\u00e9n\u00e9rale et nous rencontrons de nouveaux cousins. T\u00e9l\u00e9charger le formulaire d&rsquo;inscription aux retrouvailles &hellip; <a href=\"https:\/\/naunaudneautouscousins.fr\/?page_id=10172\" class=\"more-link\">Continuer la lecture de <span class=\"screen-reader-text\">NAUxx Retrouvailles<\/span> <span class=\"meta-nav\">&rarr;<\/span><\/a><\/p>\n","protected":false},"author":3,"featured_media":0,"parent":0,"menu_order":0,"comment_status":"closed","ping_status":"closed","template":"","meta":{"footnotes":""},"class_list":["post-10172","page","type-page","status-publish","hentry"],"_links":{"self":[{"href":"https:\/\/naunaudneautouscousins.fr\/index.php?rest_route=\/wp\/v2\/pages\/10172","targetHints":{"allow":["GET"]}}],"collection":[{"href":"https:\/\/naunaudneautouscousins.fr\/index.php?rest_route=\/wp\/v2\/pages"}],"about":[{"href":"https:\/\/naunaudneautouscousins.fr\/index.php?rest_route=\/wp\/v2\/types\/page"}],"author":[{"embeddable":true,"href":"https:\/\/naunaudneautouscousins.fr\/index.php?rest_route=\/wp\/v2\/users\/3"}],"replies":[{"embeddable":true,"href":"https:\/\/naunaudneautouscousins.fr\/index.php?rest_route=%2Fwp%2Fv2%2Fcomments&post=10172"}],"version-history":[{"count":19,"href":"https:\/\/naunaudneautouscousins.fr\/index.php?rest_route=\/wp\/v2\/pages\/10172\/revisions"}],"predecessor-version":[{"id":24078,"href":"https:\/\/naunaudneautouscousins.fr\/index.php?rest_route=\/wp\/v2\/pages\/10172\/revisions\/24078"}],"wp:attachment":[{"href":"https:\/\/naunaudneautouscousins.fr\/index.php?rest_route=%2Fwp%2Fv2%2Fmedia&parent=10172"}],"curies":[{"name":"wp","href":"https:\/\/api.w.org\/{rel}","templated":true}]}}