{"id":2,"date":"2015-09-02T06:00:19","date_gmt":"2015-09-02T06:00:19","guid":{"rendered":"http:\/\/naunaudneautouscousins.fr\/?page_id=2"},"modified":"2021-10-14T22:10:42","modified_gmt":"2021-10-14T20:10:42","slug":"page-d-exemple","status":"publish","type":"page","link":"https:\/\/naunaudneautouscousins.fr\/","title":{"rendered":"Accueil"},"content":{"rendered":"<p><a href=\"http:\/\/naunaudneautouscousins.fr\/wp-content\/uploads\/2015\/09\/nau_blason.jpg\"><img loading=\"lazy\" decoding=\"async\" class=\"wp-image-50 alignleft\" style=\"margin-left: -125px; margin-top: -125px;\" src=\"http:\/\/naunaudneautouscousins.fr\/wp-content\/uploads\/2015\/09\/nau_blason.jpg\" alt=\"nau_blason\" width=\"75\" height=\"134\" \/><\/a><\/p>\n<p>NAU, NAUD, NEAU\u2026 TOUS COUSINS ! (Dite association des 3N) est une association Loi 1901 enregistr\u00e9e le 08\/03\/1999 \u00e0 la Pr\u00e9fecture de Poitiers.<\/p>\n<p>Nous avons cr\u00e9\u00e9 une association fran\u00e7aise pour faire suite aux rassemblements de 1997 et 1998 organis\u00e9s par nos cousins NAUxxx qu\u00e9b\u00e9cois.<\/p>\n<p>Les objectifs d\u00e9finis dans nos statuts sont:<\/p>\n<ul>\n<li>De regrouper toutes les personnes int\u00e9ress\u00e9es par la g\u00e9n\u00e9alogie et l\u2019histoire des familles\u00a0NAUxxx afin de mettre nos recherches en commun.<\/li>\n<li>De favoriser les rencontres entre ses membres et les liens avec les NAUxxx d\u2019Europe et les\u00a0NAUxxx d\u2019Am\u00e9rique.<\/li>\n<\/ul>\n<p>Plusieurs membres de notre association fran\u00e7aise sont membres de l\u2019association qu\u00e9b\u00e9coise et r\u00e9ciproquement. Depuis la cr\u00e9ation, nous avons toujours favoris\u00e9 l\u2019adh\u00e9sion aux deux associations.<\/p>\n<p>Diverses activit\u00e9s au sein de l\u2019association:<\/p>\n<ul>\n<li>Le bulletin \u00ab\u00a0NAU Z\u2019ANC\u00c8TRES\u00a0\u00bb est le lien entre nos membres avec une parution trimestrielle. Vous y trouvez diverses rubriques allant des r\u00e9cits de famille, \u00e0 la g\u00e9n\u00e9alogie \u00ab\u00a0Tous Cousins !\u00a0\u00bb, en passant par la recette de cuisine d\u2019autrefois. Les textes se rapportant au patronyme y sont les bienvenus.<\/li>\n<li>Une autre t\u00e2che est de collecter et saisir toutes les donn\u00e9es g\u00e9n\u00e9alogiques du patronyme NAUxx, afin de nous trouver des liens de cousinages. Cette base de donn\u00e9es est consultable lors de nos rassemblements et en partie sur <a href=\"http:\/\/naunaudneautouscousins.fr\">notre site Internet<\/a>.<\/li>\n<li>Nos retrouvailles de juin, qui permettent de nous retrouver autour d\u2019une bonne table suivies d\u2019une visite g\u00e9n\u00e9alogique et historique autour du patronyme \u00ab\u00a0NAUxx \u00bb.<\/li>\n<li>Assembl\u00e9e g\u00e9n\u00e9rale de l\u2019association lors de nos retrouvailles de juin, qui permet de faire un bilan sur l\u2019ann\u00e9e \u00e9coul\u00e9e, et d\u2019exposer nos derni\u00e8res recherches.<\/li>\n<li>L\u2019association tient un stand sur divers salons ou biennales g\u00e9n\u00e9alogiques.<\/li>\n<\/ul>\n<p>Les porteurs du patronyme ou bien toutes personnes ayant de l\u2019int\u00e9r\u00eat seront les bienvenus dans notre grande famille.<\/p>\n","protected":false},"excerpt":{"rendered":"<p>NAU, NAUD, NEAU\u2026 TOUS COUSINS ! (Dite association des 3N) est une association Loi 1901 enregistr\u00e9e le 08\/03\/1999 \u00e0 la Pr\u00e9fecture de Poitiers. Nous avons cr\u00e9\u00e9 une association fran\u00e7aise pour faire suite aux rassemblements de 1997 et 1998 organis\u00e9s par nos cousins NAUxxx qu\u00e9b\u00e9cois. Les objectifs d\u00e9finis dans nos statuts sont: De regrouper toutes les &hellip; <a href=\"https:\/\/naunaudneautouscousins.fr\/\" class=\"more-link\">Continuer la lecture de <span class=\"screen-reader-text\">Accueil<\/span> <span class=\"meta-nav\">&rarr;<\/span><\/a><\/p>\n","protected":false},"author":1,"featured_media":0,"parent":0,"menu_order":0,"comment_status":"closed","ping_status":"open","template":"","meta":{"footnotes":""},"class_list":["post-2","page","type-page","status-publish","hentry"],"_links":{"self":[{"href":"https:\/\/naunaudneautouscousins.fr\/index.php?rest_route=\/wp\/v2\/pages\/2","targetHints":{"allow":["GET"]}}],"collection":[{"href":"https:\/\/naunaudneautouscousins.fr\/index.php?rest_route=\/wp\/v2\/pages"}],"about":[{"href":"https:\/\/naunaudneautouscousins.fr\/index.php?rest_route=\/wp\/v2\/types\/page"}],"author":[{"embeddable":true,"href":"https:\/\/naunaudneautouscousins.fr\/index.php?rest_route=\/wp\/v2\/users\/1"}],"replies":[{"embeddable":true,"href":"https:\/\/naunaudneautouscousins.fr\/index.php?rest_route=%2Fwp%2Fv2%2Fcomments&post=2"}],"version-history":[{"count":7,"href":"https:\/\/naunaudneautouscousins.fr\/index.php?rest_route=\/wp\/v2\/pages\/2\/revisions"}],"predecessor-version":[{"id":10156,"href":"https:\/\/naunaudneautouscousins.fr\/index.php?rest_route=\/wp\/v2\/pages\/2\/revisions\/10156"}],"wp:attachment":[{"href":"https:\/\/naunaudneautouscousins.fr\/index.php?rest_route=%2Fwp%2Fv2%2Fmedia&parent=2"}],"curies":[{"name":"wp","href":"https:\/\/api.w.org\/{rel}","templated":true}]}}