{"id":27,"date":"2015-09-03T08:32:16","date_gmt":"2015-09-03T08:32:16","guid":{"rendered":"http:\/\/naunaudneautouscousins.fr\/?page_id=27"},"modified":"2026-04-14T11:54:10","modified_gmt":"2026-04-14T09:54:10","slug":"organisation","status":"publish","type":"page","link":"https:\/\/naunaudneautouscousins.fr\/?page_id=27","title":{"rendered":"Organigramme"},"content":{"rendered":"<p><a href=\"http:\/\/naunaudneautouscousins.fr\/wp-content\/uploads\/2015\/09\/nau_blason.jpg\"><img loading=\"lazy\" decoding=\"async\" class=\"alignleft\" style=\"margin-left: -125px; margin-top: -125px;\" src=\"http:\/\/naunaudneautouscousins.fr\/wp-content\/uploads\/2015\/09\/nau_blason.jpg\" alt=\"nau_blason\" width=\"75\" height=\"134\" \/><\/a><strong>Membres du comit\u00e9 d&rsquo;administration :<\/strong><\/p>\n<ul>\n<li>Pascal Nau,\u00a0Pr\u00e9sident &#8211; \u00a0<a href=\"mailto:naupascal@wanadoo.fr\">naupascal@wanadoo.fr<\/a><\/li>\n<li>C\u00e9dric Naud, Vice pr\u00e9sident &#8211; <a href=\"mailto:naud.cedric@laposte.net\">naud.cedric@laposte.net<\/a><\/li>\n<li>Marie Claire Neaud,\u00a0Secr\u00e9taire\u00a0&#8211;\u00a0<a href=\"mailto:mc.neaud@free.fr\">mc.neaud@free.fr<\/a><\/li>\n<li>Jean-Paul Naud, Tr\u00e9sorier &#8211; <a href=\"mailto:famnaud@wanadoo.fr\">famnaud@wanadoo.fr<\/a><\/li>\n<li>R\u00e9gine Cr\u00e9peau, Secr\u00e9taire adjointe &#8211;\u00a0<a href=\"mailto:cousineregine@orange.fr\"><span lang=\"fr\">cousineregine@orange.fr<\/span><\/a><\/li>\n<li>Serge Neau, Administrateur &#8211; <a href=\"mailto:sneau86170@gmail.com\">sneau86170@gmail.com<\/a><\/li>\n<li>Robert Viaud, Administrateur &#8211; <a href=\"mailto:robert.viaud@wanadoo.fr\">robert.viaud@wanadoo.fr<\/a><\/li>\n<\/ul>\n<p style=\"text-align: center;\">&#8230;&#8230;&#8230;&#8230;&#8230;&#8230;&#8230;&#8230;&#8230;&#8230;&#8230;&#8230;&#8230;&#8230;&#8230;&#8230;&#8230;&#8230;&#8230;&#8230;&#8230;&#8230;&#8230;&#8230;&#8230;&#8230;&#8230;&#8230;&#8230;&#8230;&#8230;&#8230;&#8230;&#8230;&#8230;&#8230;&#8230;&#8230;&#8230;..<\/p>\n<p><strong>R\u00e9daction du bulletin :<\/strong><\/p>\n<ul>\n<li><strong>Directeur de publication et mise en pages<\/strong>\n<ul>\n<li>Pascal Nau<\/li>\n<\/ul>\n<\/li>\n<li><strong>R\u00e9dactrice<\/strong>\n<ul>\n<li>Marie Claire Neaud<\/li>\n<\/ul>\n<\/li>\n<li><strong>Comit\u00e9 de r\u00e9daction<\/strong>\n<ul>\n<li>R\u00e9gine Cr\u00e9peau<\/li>\n<li>Jean-Paul Naud<\/li>\n<li>Pascal Nau<\/li>\n<\/ul>\n<\/li>\n<\/ul>\n<p style=\"text-align: center;\">&#8230;&#8230;&#8230;&#8230;&#8230;&#8230;&#8230;&#8230;&#8230;&#8230;&#8230;&#8230;&#8230;&#8230;&#8230;&#8230;&#8230;&#8230;&#8230;&#8230;&#8230;&#8230;&#8230;&#8230;&#8230;&#8230;&#8230;&#8230;&#8230;&#8230;&#8230;&#8230;&#8230;&#8230;&#8230;&#8230;&#8230;&#8230;&#8230;..<\/p>\n<p><strong>Base de donn\u00e9es :<\/strong><\/p>\n<ul>\n<li><strong>\u00a0Recherches g\u00e9n\u00e9alogiques<\/strong>\n<ul>\n<li>Alain Naud<\/li>\n<li>Jean-Claude N\u00e9au<\/li>\n<li>C\u00e9dric Naud<\/li>\n<li>Robert Viaud<\/li>\n<li>Pascal Nau<\/li>\n<li>Jean-Paul Naud<\/li>\n<\/ul>\n<\/li>\n<\/ul>\n","protected":false},"excerpt":{"rendered":"<p>Membres du comit\u00e9 d&rsquo;administration : Pascal Nau,\u00a0Pr\u00e9sident &#8211; \u00a0naupascal@wanadoo.fr C\u00e9dric Naud, Vice pr\u00e9sident &#8211; naud.cedric@laposte.net Marie Claire Neaud,\u00a0Secr\u00e9taire\u00a0&#8211;\u00a0mc.neaud@free.fr Jean-Paul Naud, Tr\u00e9sorier &#8211; famnaud@wanadoo.fr R\u00e9gine Cr\u00e9peau, Secr\u00e9taire adjointe &#8211;\u00a0cousineregine@orange.fr Serge Neau, Administrateur &#8211; sneau86170@gmail.com Robert Viaud, Administrateur &#8211; robert.viaud@wanadoo.fr &#8230;&#8230;&#8230;&#8230;&#8230;&#8230;&#8230;&#8230;&#8230;&#8230;&#8230;&#8230;&#8230;&#8230;&#8230;&#8230;&#8230;&#8230;&#8230;&#8230;&#8230;&#8230;&#8230;&#8230;&#8230;&#8230;&#8230;&#8230;&#8230;&#8230;&#8230;&#8230;&#8230;&#8230;&#8230;&#8230;&#8230;&#8230;&#8230;.. R\u00e9daction du bulletin : Directeur de publication et mise en pages Pascal Nau R\u00e9dactrice Marie Claire &hellip; <a href=\"https:\/\/naunaudneautouscousins.fr\/?page_id=27\" class=\"more-link\">Continuer la lecture de <span class=\"screen-reader-text\">Organigramme<\/span> <span class=\"meta-nav\">&rarr;<\/span><\/a><\/p>\n","protected":false},"author":1,"featured_media":0,"parent":0,"menu_order":0,"comment_status":"closed","ping_status":"closed","template":"","meta":{"footnotes":""},"class_list":["post-27","page","type-page","status-publish","hentry"],"_links":{"self":[{"href":"https:\/\/naunaudneautouscousins.fr\/index.php?rest_route=\/wp\/v2\/pages\/27","targetHints":{"allow":["GET"]}}],"collection":[{"href":"https:\/\/naunaudneautouscousins.fr\/index.php?rest_route=\/wp\/v2\/pages"}],"about":[{"href":"https:\/\/naunaudneautouscousins.fr\/index.php?rest_route=\/wp\/v2\/types\/page"}],"author":[{"embeddable":true,"href":"https:\/\/naunaudneautouscousins.fr\/index.php?rest_route=\/wp\/v2\/users\/1"}],"replies":[{"embeddable":true,"href":"https:\/\/naunaudneautouscousins.fr\/index.php?rest_route=%2Fwp%2Fv2%2Fcomments&post=27"}],"version-history":[{"count":25,"href":"https:\/\/naunaudneautouscousins.fr\/index.php?rest_route=\/wp\/v2\/pages\/27\/revisions"}],"predecessor-version":[{"id":24082,"href":"https:\/\/naunaudneautouscousins.fr\/index.php?rest_route=\/wp\/v2\/pages\/27\/revisions\/24082"}],"wp:attachment":[{"href":"https:\/\/naunaudneautouscousins.fr\/index.php?rest_route=%2Fwp%2Fv2%2Fmedia&parent=27"}],"curies":[{"name":"wp","href":"https:\/\/api.w.org\/{rel}","templated":true}]}}