{"id":44,"date":"2015-09-03T09:21:07","date_gmt":"2015-09-03T09:21:07","guid":{"rendered":"http:\/\/naunaudneautouscousins.fr\/?page_id=44"},"modified":"2023-05-10T18:29:13","modified_gmt":"2023-05-10T16:29:13","slug":"adhesionrenouvellement","status":"publish","type":"page","link":"https:\/\/naunaudneautouscousins.fr\/?page_id=44","title":{"rendered":"Adh\u00e9sion\/Renouvellement"},"content":{"rendered":"<p><a href=\"http:\/\/naunaudneautouscousins.fr\/wp-content\/uploads\/2015\/09\/nau_blason.jpg\"><img loading=\"lazy\" decoding=\"async\" class=\"alignleft wp-image-50\" style=\"margin-left: -125px; margin-top: -125px;\" src=\"http:\/\/naunaudneautouscousins.fr\/wp-content\/uploads\/2015\/09\/nau_blason.jpg\" alt=\"nau_blason\" width=\"75\" height=\"134\" \/><\/a><\/p>\n<p>T\u00e9l\u00e9chargez, compl\u00e9tez et envoyez nous la \u00a0<a href=\"http:\/\/naunaudneautouscousins.fr\/wp-content\/uploads\/2023\/05\/Adhe\u0301sion-internet.pdf\" target=\"_blank\" rel=\"noopener\">Fiche d&rsquo;adh\u00e9sion\/renouvellement<\/a>, accompagn\u00e9e de votre r\u00e8glement pour rejoindre la grande famille des NAUxx. Cette adh\u00e9sion vous permet de recevoir un bulletin trimestriel \u00ab\u00a0Nau z&rsquo;Anc\u00eatres\u00a0\u00bb et d&rsquo;acc\u00e9der \u00e0 notre base de donn\u00e9es des mariages sur l&rsquo;onglet de ce site.<\/p>\n","protected":false},"excerpt":{"rendered":"<p>T\u00e9l\u00e9chargez, compl\u00e9tez et envoyez nous la \u00a0Fiche d&rsquo;adh\u00e9sion\/renouvellement, accompagn\u00e9e de votre r\u00e8glement pour rejoindre la grande famille des NAUxx. Cette adh\u00e9sion vous permet de recevoir un bulletin trimestriel \u00ab\u00a0Nau z&rsquo;Anc\u00eatres\u00a0\u00bb et d&rsquo;acc\u00e9der \u00e0 notre base de donn\u00e9es des mariages sur l&rsquo;onglet de ce site.<\/p>\n","protected":false},"author":1,"featured_media":0,"parent":0,"menu_order":0,"comment_status":"closed","ping_status":"closed","template":"","meta":{"footnotes":""},"class_list":["post-44","page","type-page","status-publish","hentry"],"_links":{"self":[{"href":"https:\/\/naunaudneautouscousins.fr\/index.php?rest_route=\/wp\/v2\/pages\/44","targetHints":{"allow":["GET"]}}],"collection":[{"href":"https:\/\/naunaudneautouscousins.fr\/index.php?rest_route=\/wp\/v2\/pages"}],"about":[{"href":"https:\/\/naunaudneautouscousins.fr\/index.php?rest_route=\/wp\/v2\/types\/page"}],"author":[{"embeddable":true,"href":"https:\/\/naunaudneautouscousins.fr\/index.php?rest_route=\/wp\/v2\/users\/1"}],"replies":[{"embeddable":true,"href":"https:\/\/naunaudneautouscousins.fr\/index.php?rest_route=%2Fwp%2Fv2%2Fcomments&post=44"}],"version-history":[{"count":12,"href":"https:\/\/naunaudneautouscousins.fr\/index.php?rest_route=\/wp\/v2\/pages\/44\/revisions"}],"predecessor-version":[{"id":19277,"href":"https:\/\/naunaudneautouscousins.fr\/index.php?rest_route=\/wp\/v2\/pages\/44\/revisions\/19277"}],"wp:attachment":[{"href":"https:\/\/naunaudneautouscousins.fr\/index.php?rest_route=%2Fwp%2Fv2%2Fmedia&parent=44"}],"curies":[{"name":"wp","href":"https:\/\/api.w.org\/{rel}","templated":true}]}}