{"id":49,"date":"2015-09-03T09:36:02","date_gmt":"2015-09-03T09:36:02","guid":{"rendered":"http:\/\/naunaudneautouscousins.fr\/?page_id=49"},"modified":"2021-10-14T22:10:42","modified_gmt":"2021-10-14T20:10:42","slug":"blason","status":"publish","type":"page","link":"https:\/\/naunaudneautouscousins.fr\/?page_id=49","title":{"rendered":"Armoiries"},"content":{"rendered":"<p style=\"text-align: left;\"><a href=\"http:\/\/naunaudneautouscousins.fr\/wp-content\/uploads\/2015\/09\/nau_blason.jpg\"><img loading=\"lazy\" decoding=\"async\" style=\"margin-left:-125px; margin-top:-125px\" class=\"alignleft wp-image-50\" src=\"http:\/\/naunaudneautouscousins.fr\/wp-content\/uploads\/2015\/09\/nau_blason.jpg\" alt=\"nau_blason\" width=\"75\" height=\"134\" \/><\/a>Le 15 janvier 1996, l&rsquo;Autorit\u00e9 H\u00e9raldique canadienne , conc\u00e9dait et assignait \u00e0 \u00ab\u00a0l\u2019Association des Familles NAU Inc\u00a0\u00bb les armes ici figur\u00e9es. Ces armoiries ont rejoint le <em>Registre public des armoiries, drapeaux et insignes du Canada<\/em>.<\/p>\n<p style=\"text-align: left;\">Le 9 juin 2001, apr\u00e8s un vote de nos adh\u00e9rents \u00e0 l&rsquo;assembl\u00e9e g\u00e9n\u00e9rale de Thonnay-Charente (17), les armoiries de \u00ab\u00a0l\u2019Association des Familles NAU Inc\u00a0\u00bb du Qu\u00e9bec, devenaient aussi notre embl\u00e8me. En partageant ces couleurs, nos cousins du Qu\u00e9bec, nous honorent d&rsquo;un pr\u00e9cieux cadeau.<\/p>\n<p style=\"text-align: left;\">Description H\u00e9raldique :<br \/>\n\u00c9cartel\u00e9 d&rsquo;azur et de sinople, \u00e0 une croix brochante sur l&rsquo;\u00e9cartel\u00e9, cantonn\u00e9e aux un et quatre d&rsquo;une grappe de raisin feuill\u00e9e et aux deux et trois de quatre \u00e9pis de bl\u00e9 aussi feuill\u00e9s, le tout d&rsquo;or et, brochant en ab\u00eeme, un livre ouvert d&rsquo;argent \u00e0 la tranche d&rsquo;or, reli\u00e9 de gueules; L&rsquo;\u00e9cu somm\u00e9 d&rsquo;une torque d&rsquo;argent et d&rsquo;azur; Et pour cimier: Un voilier d&rsquo;or, habill\u00e9 d&rsquo;argent, pavois\u00e9 de gueules, voguant sur une onde burel\u00e9e-ond\u00e9e d&rsquo;azur et d&rsquo;argent mouvante d&rsquo;une couronne compos\u00e9e d&rsquo;un cercle d&rsquo;or, garni de pierreries d&rsquo;azur et rehauss\u00e9e de fleurs de lis d&rsquo;or et de feuilles d&rsquo;\u00e9rables de gueules altern\u00e9es;<span style=\"line-height: 1.5;\"><br \/>\nEt pour devise: <\/span><strong style=\"line-height: 1.5;\">AIME ET VA<\/strong><span style=\"line-height: 1.5;\">.<\/span><\/p>\n<hr \/>\n<p style=\"text-align: left;\">La\u00a0<strong>grappe de raisin<\/strong> symbolise Turquant, la Vall\u00e9e de la Loire et l&rsquo;Anjou, le pays du vin, d&rsquo;o\u00f9 l&rsquo;anc\u00eatre Fran\u00e7ois Nau est originaire.<br \/>\nLa\u00a0<strong>gerbe de bl\u00e9<\/strong> repr\u00e9sente l&rsquo;agriculture qui, au d\u00e9but et par la suite, a occup\u00e9 des g\u00e9n\u00e9rations de Nau.<br \/>\nLe\u00a0<strong>livre ouvert<\/strong> exprime les activit\u00e9s de plusieurs Nau.<br \/>\nLa <b>croix<\/b>\u00a0au centre repr\u00e9sente l&rsquo;inspiration de ces activit\u00e9s.<br \/>\nLe\u00a0<strong>cimier<\/strong>, le\u00a0<strong>trois-m\u00e2ts<\/strong> ou\u00a0<strong>voilier<\/strong> d&rsquo;or habill\u00e9 d&rsquo;argent, \u00e9voque la travers\u00e9e de Fran\u00e7ois \u00e0 partir de la Rochelle, sur l&rsquo;oc\u00e9an \u00e0 travers mille p\u00e9rils et les nombreux marins, hommes de roue, pilotes et capitaines Nau venus de Deschambault et des environs.<br \/>\nLa devise <strong>AIME ET VA<\/strong> exprime, en peu de mots, les r\u00e9alit\u00e9s et les aspirations de la famille. Sois plein d&rsquo;amour et fonce en toutes choses! Va vers l&rsquo;avenir, vers les plus hautes destin\u00e9es. Aime tout ce que tu fais, des plus petites choses aux plus grandes. Aime. Avec l&rsquo;amour, le monde t&rsquo;est ouvert, tout devient possible!<\/p>\n<p>&nbsp;<\/p>\n<p>&nbsp;<\/p>\n<p style=\"text-align: left;\">\n","protected":false},"excerpt":{"rendered":"<p>Le 15 janvier 1996, l&rsquo;Autorit\u00e9 H\u00e9raldique canadienne , conc\u00e9dait et assignait \u00e0 \u00ab\u00a0l\u2019Association des Familles NAU Inc\u00a0\u00bb les armes ici figur\u00e9es. Ces armoiries ont rejoint le Registre public des armoiries, drapeaux et insignes du Canada. Le 9 juin 2001, apr\u00e8s un vote de nos adh\u00e9rents \u00e0 l&rsquo;assembl\u00e9e g\u00e9n\u00e9rale de Thonnay-Charente (17), les armoiries de \u00ab\u00a0l\u2019Association &hellip; <a href=\"https:\/\/naunaudneautouscousins.fr\/?page_id=49\" class=\"more-link\">Continuer la lecture de <span class=\"screen-reader-text\">Armoiries<\/span> <span class=\"meta-nav\">&rarr;<\/span><\/a><\/p>\n","protected":false},"author":1,"featured_media":0,"parent":0,"menu_order":0,"comment_status":"closed","ping_status":"closed","template":"","meta":{"footnotes":""},"class_list":["post-49","page","type-page","status-publish","hentry"],"_links":{"self":[{"href":"https:\/\/naunaudneautouscousins.fr\/index.php?rest_route=\/wp\/v2\/pages\/49","targetHints":{"allow":["GET"]}}],"collection":[{"href":"https:\/\/naunaudneautouscousins.fr\/index.php?rest_route=\/wp\/v2\/pages"}],"about":[{"href":"https:\/\/naunaudneautouscousins.fr\/index.php?rest_route=\/wp\/v2\/types\/page"}],"author":[{"embeddable":true,"href":"https:\/\/naunaudneautouscousins.fr\/index.php?rest_route=\/wp\/v2\/users\/1"}],"replies":[{"embeddable":true,"href":"https:\/\/naunaudneautouscousins.fr\/index.php?rest_route=%2Fwp%2Fv2%2Fcomments&post=49"}],"version-history":[{"count":20,"href":"https:\/\/naunaudneautouscousins.fr\/index.php?rest_route=\/wp\/v2\/pages\/49\/revisions"}],"predecessor-version":[{"id":10152,"href":"https:\/\/naunaudneautouscousins.fr\/index.php?rest_route=\/wp\/v2\/pages\/49\/revisions\/10152"}],"wp:attachment":[{"href":"https:\/\/naunaudneautouscousins.fr\/index.php?rest_route=%2Fwp%2Fv2%2Fmedia&parent=49"}],"curies":[{"name":"wp","href":"https:\/\/api.w.org\/{rel}","templated":true}]}}