{"id":65,"date":"2015-09-03T10:23:43","date_gmt":"2015-09-03T10:23:43","guid":{"rendered":"http:\/\/naunaudneautouscousins.fr\/?page_id=65"},"modified":"2025-11-19T13:13:04","modified_gmt":"2025-11-19T11:13:04","slug":"mariages","status":"publish","type":"page","link":"https:\/\/naunaudneautouscousins.fr\/?page_id=65","title":{"rendered":"Mariages"},"content":{"rendered":"Vous devez \u00eatre connect\u00e9 pour voir ce contenu.","protected":false},"excerpt":{"rendered":"Vous devez \u00eatre connect\u00e9 pour voir ce contenu.","protected":false},"author":1,"featured_media":0,"parent":0,"menu_order":0,"comment_status":"closed","ping_status":"closed","template":"","meta":{"footnotes":""},"class_list":["post-65","page","type-page","status-publish","hentry"],"_links":{"self":[{"href":"https:\/\/naunaudneautouscousins.fr\/index.php?rest_route=\/wp\/v2\/pages\/65","targetHints":{"allow":["GET"]}}],"collection":[{"href":"https:\/\/naunaudneautouscousins.fr\/index.php?rest_route=\/wp\/v2\/pages"}],"about":[{"href":"https:\/\/naunaudneautouscousins.fr\/index.php?rest_route=\/wp\/v2\/types\/page"}],"author":[{"embeddable":true,"href":"https:\/\/naunaudneautouscousins.fr\/index.php?rest_route=\/wp\/v2\/users\/1"}],"replies":[{"embeddable":true,"href":"https:\/\/naunaudneautouscousins.fr\/index.php?rest_route=%2Fwp%2Fv2%2Fcomments&post=65"}],"version-history":[{"count":20,"href":"https:\/\/naunaudneautouscousins.fr\/index.php?rest_route=\/wp\/v2\/pages\/65\/revisions"}],"predecessor-version":[{"id":20734,"href":"https:\/\/naunaudneautouscousins.fr\/index.php?rest_route=\/wp\/v2\/pages\/65\/revisions\/20734"}],"wp:attachment":[{"href":"https:\/\/naunaudneautouscousins.fr\/index.php?rest_route=%2Fwp%2Fv2%2Fmedia&parent=65"}],"curies":[{"name":"wp","href":"https:\/\/api.w.org\/{rel}","templated":true}]}}